{"id":674,"date":"2025-11-19T14:04:35","date_gmt":"2025-11-19T17:04:35","guid":{"rendered":"https:\/\/dev.posadalamatilde.com.ar\/?page_id=674"},"modified":"2025-11-19T17:17:26","modified_gmt":"2025-11-19T20:17:26","slug":"nosotros-historia","status":"publish","type":"page","link":"https:\/\/dev.posadalamatilde.com.ar\/eng\/nosotros-historia\/","title":{"rendered":"Nosotros Historia"},"content":{"rendered":"<div data-elementor-type=\"wp-page\" data-elementor-id=\"674\" class=\"elementor elementor-674\" data-elementor-post-type=\"page\">\n\t\t\t\t<div class=\"elementor-element elementor-element-507dc7b3 e-con-full e-flex e-con e-parent\" data-id=\"507dc7b3\" data-element_type=\"container\" data-settings=\"{&quot;background_background&quot;:&quot;classic&quot;}\">\n\t\t<div class=\"elementor-element elementor-element-4f9307f8 e-flex e-con-boxed e-con e-child\" data-id=\"4f9307f8\" data-element_type=\"container\">\n\t\t\t\t\t<div class=\"e-con-inner\">\n\t\t\t\t<div class=\"elementor-element elementor-element-71fad772 elementor-view-default elementor-widget elementor-widget-icon\" data-id=\"71fad772\" data-element_type=\"widget\" data-widget_type=\"icon.default\">\n\t\t\t\t\t\t\t<div class=\"elementor-icon-wrapper\">\n\t\t\t<div class=\"elementor-icon\">\n\t\t\t<svg xmlns=\"http:\/\/www.w3.org\/2000\/svg\" xmlns:xlink=\"http:\/\/www.w3.org\/1999\/xlink\" id=\"Capa_1\" x=\"0px\" y=\"0px\" viewbox=\"0 0 32 32\" style=\"enable-background:new 0 0 32 32;\" xml:space=\"preserve\"> <g id=\"Group_2\"> <path id=\"Vector\" d=\"M31.3,24c-0.3,0.1-0.7,0.2-1,0.1c-0.3,0-0.7-0.2-1-0.4c-1.6-0.7-3.3-1.5-4.9-2.2c-0.8-0.3-1.5-1-1.9-1.8 c-0.3-0.7-0.7-1.3-1.1-2c-0.3-0.4-0.7-0.7-1.1-1c-0.1,0-0.2,0-0.3,0.1c-1.2,0.6-2.4,1.2-3.6,1.9c-0.8,0.5-1.5,1.1-2.2,1.8 c-0.6,0.6-1.4,1-2.3,1.1c-0.5,0.1-1,0.3-1.5,0.5c-0.5,0.2-1.1,0.4-1.7,0.6c-0.7,0.2-1.3,0.5-1.8,1C6.7,24,6.4,24.1,6,24.1 S5.4,24,5.1,23.8c-0.2-0.2-0.3-0.6-0.3-0.9c0-0.2,0.4-0.5,0.6-0.5c1.2-0.1,2.4-0.4,3.5-0.9c0.5-0.2,1-0.5,1.4-0.8 c0.2-0.2,0.5-0.3,0.8-0.3c1.2-0.2,2.2-0.8,3-1.7c0.6-0.6,1.3-1,2-1.4c0.8-0.4,1.7-0.8,2.5-1.1c1.8-0.8,3-0.3,4.1,1.5 c0.4,0.8,0.9,1.5,1.4,2.2c0.5,0.5,1.1,1,1.7,1.3c1.6,0.8,3.3,1.5,4.9,2.3C30.9,23.7,31.1,23.8,31.3,24z\"><\/path> <path id=\"Vector_2\" d=\"M8.7,8h0.4c1.9,0.1,2.8,1.3,2.4,3.2c0,0.5-0.2,1-0.5,1.4c-0.3,0.4-0.6,0.8-1.1,1C9.6,13.9,9.1,14,8.6,14 c-0.5,0-1-0.1-1.5-0.3c-0.5-0.2-0.9-0.5-1.2-0.9c-0.3-0.4-0.6-0.8-0.7-1.3c-0.3-1-0.5-2,0.4-2.8c0.1-0.1,0.2-0.2,0.4-0.3 C6.9,8.2,7.8,8,8.7,7.8L8.7,8z M10.5,11.9c-0.1-0.5-0.2-0.9-0.2-1.3c0-0.3-0.1-0.5-0.3-0.7C9.9,9.7,9.7,9.5,9.5,9.4 C9.3,9.2,9,9.2,8.8,9.1c-0.3,0-0.5,0-0.7,0.1c-0.1,0-0.2,0.1-0.3,0.2c-0.2,0.4-0.3,0.8-0.4,1.1c-0.1,0.3,0,0.6,0.1,0.9 c0.1,0.3,0.3,0.5,0.6,0.7c0.2,0.2,0.5,0.3,0.9,0.3c0.3,0,0.6-0.1,0.9-0.3C10.1,12.1,10.3,12,10.5,11.9z\"><\/path> <path id=\"Vector_3\" d=\"M2.3,22c0.4,0,0.8,0.1,1.1,0.2c0.1,0,0.2,0.1,0.3,0.2c0.1,0.1,0.2,0.2,0.2,0.3c0,0.1,0,0.3-0.1,0.4 c-0.1,0.1-0.1,0.2-0.3,0.3c-0.6,0.4-1.1,1-2,0.7c-0.6-0.2-1-0.8-0.9-1.2c0.1-0.3,0.2-0.5,0.5-0.7C1.4,22.1,1.7,22,2,22L2.3,22 L2.3,22z\"><\/path> <\/g> <\/svg>\t\t\t<\/div>\n\t\t<\/div>\n\t\t\t\t\t\t<\/div>\n\t\t\t\t<div class=\"elementor-element elementor-element-187e24cf elementor-widget elementor-widget-heading\" data-id=\"187e24cf\" data-element_type=\"widget\" data-widget_type=\"heading.default\">\n\t\t\t\t\t<h1 class=\"elementor-heading-title elementor-size-default\">ABOUT US<\/h1>\t\t\t\t<\/div>\n\t\t\t\t\t<\/div>\n\t\t\t\t<\/div>\n\t\t\t\t<\/div>\n\t\t<div class=\"elementor-element elementor-element-52b5692f e-con-full e-flex e-con e-parent\" data-id=\"52b5692f\" data-element_type=\"container\" data-settings=\"{&quot;background_background&quot;:&quot;classic&quot;}\">\n\t\t<div class=\"elementor-element elementor-element-24d86a2e e-flex e-con-boxed e-con e-child\" data-id=\"24d86a2e\" data-element_type=\"container\">\n\t\t\t\t\t<div class=\"e-con-inner\">\n\t\t\t\t<div class=\"elementor-element elementor-element-27105d4f elementor-nav-menu__align-center elementor-nav-menu--stretch elementor-nav-menu__text-align-center elementor-widget-mobile__width-inherit elementor-nav-menu--dropdown-tablet elementor-nav-menu--toggle elementor-nav-menu--burger elementor-widget elementor-widget-nav-menu\" data-id=\"27105d4f\" data-element_type=\"widget\" data-settings=\"{&quot;full_width&quot;:&quot;stretch&quot;,&quot;layout&quot;:&quot;horizontal&quot;,&quot;submenu_icon&quot;:{&quot;value&quot;:&quot;&lt;svg aria-hidden=\\&quot;true\\&quot; class=\\&quot;e-font-icon-svg e-fas-caret-down\\&quot; viewBox=\\&quot;0 0 320 512\\&quot; xmlns=\\&quot;http:\\\/\\\/www.w3.org\\\/2000\\\/svg\\&quot;&gt;&lt;path d=\\&quot;M31.3 192h257.3c17.8 0 26.7 21.5 14.1 34.1L174.1 354.8c-7.8 7.8-20.5 7.8-28.3 0L17.2 226.1C4.6 213.5 13.5 192 31.3 192z\\&quot;&gt;&lt;\\\/path&gt;&lt;\\\/svg&gt;&quot;,&quot;library&quot;:&quot;fa-solid&quot;},&quot;toggle&quot;:&quot;burger&quot;}\" data-widget_type=\"nav-menu.default\">\n\t\t\t\t\t\t\t\t<nav aria-label=\"Menu Nosotros\" class=\"elementor-nav-menu--main elementor-nav-menu__container elementor-nav-menu--layout-horizontal e--pointer-none\">\r\n\t\t\t\t<ul id=\"menu-1-27105d4f\" class=\"elementor-nav-menu\"><li class=\"menu-item menu-item-type-post_type menu-item-object-page menu-item-699\"><a href=\"https:\/\/dev.posadalamatilde.com.ar\/eng\/nosotros-manifiesto\/\" class=\"elementor-item menu-link\">Manifest<\/a><\/li>\n<li class=\"menu-item menu-item-type-post_type menu-item-object-page menu-item-698\"><a href=\"https:\/\/dev.posadalamatilde.com.ar\/eng\/nosotros-la-comarca\/\" class=\"elementor-item menu-link\">The Shire<\/a><\/li>\n<li class=\"menu-item menu-item-type-post_type menu-item-object-page menu-item-697\"><a href=\"https:\/\/dev.posadalamatilde.com.ar\/eng\/nosotros-historia\/\" class=\"elementor-item menu-link\">History<\/a><\/li>\n<li class=\"menu-item menu-item-type-post_type menu-item-object-page menu-item-696\"><a href=\"https:\/\/dev.posadalamatilde.com.ar\/eng\/nosotros-equipo\/\" class=\"elementor-item menu-link\">Equipement<\/a><\/li>\n<\/ul>\t\t\t<\/nav>\r\n\t\t\t\t\t<div class=\"elementor-menu-toggle\" role=\"button\" tabindex=\"0\" aria-label=\"Menu Toggle\" aria-expanded=\"false\">\r\n\t\t\t<svg aria-hidden=\"true\" role=\"presentation\" class=\"elementor-menu-toggle__icon--open e-font-icon-svg e-eicon-menu-bar\" viewbox=\"0 0 1000 1000\" xmlns=\"http:\/\/www.w3.org\/2000\/svg\"><path d=\"M104 333H896C929 333 958 304 958 271S929 208 896 208H104C71 208 42 237 42 271S71 333 104 333ZM104 583H896C929 583 958 554 958 521S929 458 896 458H104C71 458 42 487 42 521S71 583 104 583ZM104 833H896C929 833 958 804 958 771S929 708 896 708H104C71 708 42 737 42 771S71 833 104 833Z\"><\/path><\/svg><svg aria-hidden=\"true\" role=\"presentation\" class=\"elementor-menu-toggle__icon--close e-font-icon-svg e-eicon-close\" viewbox=\"0 0 1000 1000\" xmlns=\"http:\/\/www.w3.org\/2000\/svg\"><path d=\"M742 167L500 408 258 167C246 154 233 150 217 150 196 150 179 158 167 167 154 179 150 196 150 212 150 229 154 242 171 254L408 500 167 742C138 771 138 800 167 829 196 858 225 858 254 829L496 587 738 829C750 842 767 846 783 846 800 846 817 842 829 829 842 817 846 804 846 783 846 767 842 750 829 737L588 500 833 258C863 229 863 200 833 171 804 137 775 137 742 167Z\"><\/path><\/svg>\t\t<\/div>\r\n\t\t\t\t\t<nav class=\"elementor-nav-menu--dropdown elementor-nav-menu__container\" aria-hidden=\"true\">\r\n\t\t\t\t<ul id=\"menu-2-27105d4f\" class=\"elementor-nav-menu\"><li class=\"menu-item menu-item-type-post_type menu-item-object-page menu-item-699\"><a href=\"https:\/\/dev.posadalamatilde.com.ar\/eng\/nosotros-manifiesto\/\" class=\"elementor-item menu-link\" tabindex=\"-1\">Manifest<\/a><\/li>\n<li class=\"menu-item menu-item-type-post_type menu-item-object-page menu-item-698\"><a href=\"https:\/\/dev.posadalamatilde.com.ar\/eng\/nosotros-la-comarca\/\" class=\"elementor-item menu-link\" tabindex=\"-1\">The Shire<\/a><\/li>\n<li class=\"menu-item menu-item-type-post_type menu-item-object-page menu-item-697\"><a href=\"https:\/\/dev.posadalamatilde.com.ar\/eng\/nosotros-historia\/\" class=\"elementor-item menu-link\" tabindex=\"-1\">History<\/a><\/li>\n<li class=\"menu-item menu-item-type-post_type menu-item-object-page menu-item-696\"><a href=\"https:\/\/dev.posadalamatilde.com.ar\/eng\/nosotros-equipo\/\" class=\"elementor-item menu-link\" tabindex=\"-1\">Equipement<\/a><\/li>\n<\/ul>\t\t\t<\/nav>\r\n\t\t\t\t\t\t<\/div>\n\t\t\t\t\t<\/div>\n\t\t\t\t<\/div>\n\t\t\t\t<\/div>\n\t\t<div class=\"elementor-element elementor-element-27fccacf e-con-full e-flex e-con e-parent\" data-id=\"27fccacf\" data-element_type=\"container\" data-settings=\"{&quot;background_background&quot;:&quot;classic&quot;}\">\n\t\t<div class=\"elementor-element elementor-element-16e50954 e-flex e-con-boxed e-con e-child\" data-id=\"16e50954\" data-element_type=\"container\">\n\t\t\t\t\t<div class=\"e-con-inner\">\n\t\t<div class=\"elementor-element elementor-element-2e4a6009 e-con-full e-flex e-con e-child\" data-id=\"2e4a6009\" data-element_type=\"container\">\n\t\t\t\t<div class=\"elementor-element elementor-element-6a045ad elementor-invisible elementor-widget elementor-widget-image\" data-id=\"6a045ad\" data-element_type=\"widget\" data-settings=\"{&quot;_animation&quot;:&quot;fadeInLeft&quot;}\" data-widget_type=\"image.default\">\n\t\t\t\t\t\t\t\t\t\t\t\t\t\t\t<img fetchpriority=\"high\" decoding=\"async\" width=\"300\" height=\"184\" src=\"https:\/\/dev.posadalamatilde.com.ar\/wp-content\/uploads\/2025\/11\/ilustracion-posada-historia-300x184-1.webp\" class=\"attachment-full size-full wp-image-189\" alt=\"\" srcset=\"https:\/\/dev.posadalamatilde.com.ar\/wp-content\/uploads\/2025\/11\/ilustracion-posada-historia-300x184-1.webp 300w, https:\/\/dev.posadalamatilde.com.ar\/wp-content\/uploads\/2025\/11\/ilustracion-posada-historia-300x184-1-18x12.webp 18w\" sizes=\"(max-width: 300px) 100vw, 300px\" \/>\t\t\t\t\t\t\t\t\t\t\t\t\t\t\t<\/div>\n\t\t\t\t<\/div>\n\t\t<div class=\"elementor-element elementor-element-777af15e e-con-full e-flex e-con e-child\" data-id=\"777af15e\" data-element_type=\"container\">\n\t\t\t\t<div class=\"elementor-element elementor-element-7dfdcb7e elementor-invisible elementor-widget elementor-widget-heading\" data-id=\"7dfdcb7e\" data-element_type=\"widget\" data-settings=\"{&quot;_animation&quot;:&quot;fadeInRight&quot;}\" data-widget_type=\"heading.default\">\n\t\t\t\t\t<h2 class=\"elementor-heading-title elementor-size-default\">A journey of 1000 miles begins with a first step.<\/h2>\t\t\t\t<\/div>\n\t\t\t\t<\/div>\n\t\t\t\t\t<\/div>\n\t\t\t\t<\/div>\n\t\t\t\t<\/div>\n\t\t<div class=\"elementor-element elementor-element-d370253 e-con-full e-flex e-con e-parent\" data-id=\"d370253\" data-element_type=\"container\" data-settings=\"{&quot;background_background&quot;:&quot;classic&quot;}\">\n\t\t<div class=\"elementor-element elementor-element-b52c749 e-flex e-con-boxed e-con e-child\" data-id=\"b52c749\" data-element_type=\"container\">\n\t\t\t\t\t<div class=\"e-con-inner\">\n\t\t<div class=\"elementor-element elementor-element-a7d3d78 e-con-full e-flex e-con e-child\" data-id=\"a7d3d78\" data-element_type=\"container\">\n\t\t\t\t<div class=\"elementor-element elementor-element-537d5e8 elementor-invisible elementor-widget elementor-widget-image\" data-id=\"537d5e8\" data-element_type=\"widget\" data-settings=\"{&quot;_animation&quot;:&quot;fadeInLeft&quot;}\" data-widget_type=\"image.default\">\n\t\t\t\t\t\t\t\t\t\t\t\t\t\t\t<img decoding=\"async\" width=\"546\" height=\"397\" src=\"https:\/\/dev.posadalamatilde.com.ar\/wp-content\/uploads\/2025\/11\/nosotros-3.jpg\" class=\"attachment-full size-full wp-image-769\" alt=\"\" srcset=\"https:\/\/dev.posadalamatilde.com.ar\/wp-content\/uploads\/2025\/11\/nosotros-3.jpg 546w, https:\/\/dev.posadalamatilde.com.ar\/wp-content\/uploads\/2025\/11\/nosotros-3-300x218.jpg 300w, https:\/\/dev.posadalamatilde.com.ar\/wp-content\/uploads\/2025\/11\/nosotros-3-18x12.jpg 18w\" sizes=\"(max-width: 546px) 100vw, 546px\" \/>\t\t\t\t\t\t\t\t\t\t\t\t\t\t\t<\/div>\n\t\t\t\t<\/div>\n\t\t<div class=\"elementor-element elementor-element-391bc99 e-con-full e-flex e-con e-child\" data-id=\"391bc99\" data-element_type=\"container\">\n\t\t\t\t<div class=\"elementor-element elementor-element-44fa9c5 elementor-invisible elementor-widget elementor-widget-heading\" data-id=\"44fa9c5\" data-element_type=\"widget\" data-settings=\"{&quot;_animation&quot;:&quot;fadeInRight&quot;}\" data-widget_type=\"heading.default\">\n\t\t\t\t\t<h3 class=\"elementor-heading-title elementor-size-default\">It all started with a dream... and the irrepressible drive to make it come true.<\/h3>\t\t\t\t<\/div>\n\t\t\t\t<div class=\"elementor-element elementor-element-d78faa9 elementor-widget elementor-widget-text-editor\" data-id=\"d78faa9\" data-element_type=\"widget\" data-widget_type=\"text-editor.default\">\n\t\t\t\t\t\t\t\t\t<p>Return to the roots, work the land and promote a sustainable way of life.<\/p><p>That's how we started and we encountered many difficulties, but we didn't stop.<\/p><p>So the story is that, just a story. The present is the result of our dreams.<\/p>\t\t\t\t\t\t\t\t<\/div>\n\t\t\t\t<\/div>\n\t\t\t\t\t<\/div>\n\t\t\t\t<\/div>\n\t\t\t\t<\/div>\n\t\t\t\t<\/div>","protected":false},"excerpt":{"rendered":"<p>NOSOTROS Un viaje de 1000 millas comienza con un primer paso. Todo comenz\u00f3 con un sue\u00f1o&#8230; y la pulsi\u00f3n incontenible [&hellip;]<\/p>","protected":false},"author":1,"featured_media":0,"parent":0,"menu_order":0,"comment_status":"closed","ping_status":"closed","template":"","meta":{"_acf_changed":false,"site-sidebar-layout":"no-sidebar","site-content-layout":"","ast-site-content-layout":"full-width-container","site-content-style":"default","site-sidebar-style":"default","ast-global-header-display":"","ast-banner-title-visibility":"","ast-main-header-display":"","ast-hfb-above-header-display":"","ast-hfb-below-header-display":"","ast-hfb-mobile-header-display":"","site-post-title":"disabled","ast-breadcrumbs-content":"","ast-featured-img":"disabled","footer-sml-layout":"","theme-transparent-header-meta":"","adv-header-id-meta":"","stick-header-meta":"","header-above-stick-meta":"","header-main-stick-meta":"","header-below-stick-meta":"","astra-migrate-meta-layouts":"default","ast-page-background-enabled":"default","ast-page-background-meta":{"desktop":{"background-color":"var(--ast-global-color-5)","background-image":"","background-repeat":"repeat","background-position":"center center","background-size":"auto","background-attachment":"scroll","background-type":"","background-media":"","overlay-type":"","overlay-color":"","overlay-opacity":"","overlay-gradient":""},"tablet":{"background-color":"","background-image":"","background-repeat":"repeat","background-position":"center center","background-size":"auto","background-attachment":"scroll","background-type":"","background-media":"","overlay-type":"","overlay-color":"","overlay-opacity":"","overlay-gradient":""},"mobile":{"background-color":"","background-image":"","background-repeat":"repeat","background-position":"center center","background-size":"auto","background-attachment":"scroll","background-type":"","background-media":"","overlay-type":"","overlay-color":"","overlay-opacity":"","overlay-gradient":""}},"ast-content-background-meta":{"desktop":{"background-color":"var(--ast-global-color-4)","background-image":"","background-repeat":"repeat","background-position":"center center","background-size":"auto","background-attachment":"scroll","background-type":"","background-media":"","overlay-type":"","overlay-color":"","overlay-opacity":"","overlay-gradient":""},"tablet":{"background-color":"var(--ast-global-color-4)","background-image":"","background-repeat":"repeat","background-position":"center center","background-size":"auto","background-attachment":"scroll","background-type":"","background-media":"","overlay-type":"","overlay-color":"","overlay-opacity":"","overlay-gradient":""},"mobile":{"background-color":"var(--ast-global-color-4)","background-image":"","background-repeat":"repeat","background-position":"center center","background-size":"auto","background-attachment":"scroll","background-type":"","background-media":"","overlay-type":"","overlay-color":"","overlay-opacity":"","overlay-gradient":""}},"footnotes":""},"class_list":["post-674","page","type-page","status-publish","hentry"],"acf":[],"_links":{"self":[{"href":"https:\/\/dev.posadalamatilde.com.ar\/eng\/wp-json\/wp\/v2\/pages\/674","targetHints":{"allow":["GET"]}}],"collection":[{"href":"https:\/\/dev.posadalamatilde.com.ar\/eng\/wp-json\/wp\/v2\/pages"}],"about":[{"href":"https:\/\/dev.posadalamatilde.com.ar\/eng\/wp-json\/wp\/v2\/types\/page"}],"author":[{"embeddable":true,"href":"https:\/\/dev.posadalamatilde.com.ar\/eng\/wp-json\/wp\/v2\/users\/1"}],"replies":[{"embeddable":true,"href":"https:\/\/dev.posadalamatilde.com.ar\/eng\/wp-json\/wp\/v2\/comments?post=674"}],"version-history":[{"count":7,"href":"https:\/\/dev.posadalamatilde.com.ar\/eng\/wp-json\/wp\/v2\/pages\/674\/revisions"}],"predecessor-version":[{"id":772,"href":"https:\/\/dev.posadalamatilde.com.ar\/eng\/wp-json\/wp\/v2\/pages\/674\/revisions\/772"}],"wp:attachment":[{"href":"https:\/\/dev.posadalamatilde.com.ar\/eng\/wp-json\/wp\/v2\/media?parent=674"}],"curies":[{"name":"wp","href":"https:\/\/api.w.org\/{rel}","templated":true}]}}