{"id":315,"date":"2025-11-18T17:12:50","date_gmt":"2025-11-18T20:12:50","guid":{"rendered":"https:\/\/dev.posadalamatilde.com.ar\/?page_id=315"},"modified":"2025-11-18T17:32:54","modified_gmt":"2025-11-18T20:32:54","slug":"prensa-posada-la-matilde","status":"publish","type":"page","link":"https:\/\/dev.posadalamatilde.com.ar\/eng\/prensa-posada-la-matilde\/","title":{"rendered":"Prensa Posada La Matilde"},"content":{"rendered":"<div data-elementor-type=\"wp-page\" data-elementor-id=\"315\" class=\"elementor elementor-315\" data-elementor-post-type=\"page\">\n\t\t\t\t<div class=\"elementor-element elementor-element-3a86bd4 e-con-full e-flex e-con e-parent\" data-id=\"3a86bd4\" data-element_type=\"container\" data-settings=\"{&quot;background_background&quot;:&quot;classic&quot;}\">\n\t\t<div class=\"elementor-element elementor-element-1b045d65 e-flex e-con-boxed e-con e-child\" data-id=\"1b045d65\" data-element_type=\"container\">\n\t\t\t\t\t<div class=\"e-con-inner\">\n\t\t\t\t<div class=\"elementor-element elementor-element-1b4208e elementor-view-default elementor-widget elementor-widget-icon\" data-id=\"1b4208e\" data-element_type=\"widget\" data-widget_type=\"icon.default\">\n\t\t\t\t\t\t\t<div class=\"elementor-icon-wrapper\">\n\t\t\t<div class=\"elementor-icon\">\n\t\t\t<svg xmlns=\"http:\/\/www.w3.org\/2000\/svg\" xmlns:xlink=\"http:\/\/www.w3.org\/1999\/xlink\" id=\"Capa_1\" x=\"0px\" y=\"0px\" viewbox=\"0 0 32 32\" style=\"enable-background:new 0 0 32 32;\" xml:space=\"preserve\"> <g> <path d=\"M29.9,17.7l-0.2,0L29.9,17.7L29.9,17.7c0-0.2,0-0.4,0-0.6l0-1c0-0.7,0-1.4,0-2.1c0-0.7-0.1-2.7-2.1-3c-0.3,0-0.7,0-1-0.1 c-0.1,0-0.2,0-0.4,0l-0.2,0c-0.3,0-0.3,0-0.5-0.1c-0.1,0-0.1-0.1-0.1-0.1c0,0,0-0.1,0-0.1l0-0.3c0-0.6,0-1.3-0.4-1.9 c-0.5-0.6-1.3-0.7-1.9-0.7l-0.3,0c-0.1,0-0.3,0-0.4,0c-0.5,0-0.9-0.1-1.3-0.2c-0.1,0-0.2-0.1-0.2-0.1c0,0,0-0.2,0-0.3l0-0.2 c0-0.2,0-0.4,0-0.6l0-0.3c0-2.1-0.8-3.3-2.3-3.6c-1-0.2-2.1-0.1-3.2-0.1l-0.7,0c-0.9,0-1.8,0.1-2.6,0.3c-1.9,0.5-1.8,2.6-1.7,4 c0,0.1,0,0.2,0,0.2l-0.3,0c-0.7,0-1.3,0-2,0C8,6.8,7.1,6.9,6.9,7.9C6.7,8.6,6.8,9.3,6.8,10c0,0.3,0,0.5,0,0.8c0,0.1,0,0.2,0,0.4 c0,0.6,0,0.8-0.2,0.8c-0.2,0.1-0.6,0-0.9,0c-0.2,0-0.4,0-0.6,0c-0.2,0-0.4,0-0.6,0c-0.6,0-1.3-0.1-1.8,0.2C2,12.5,2,13.3,2,13.7 l0,0.1c0,0.6,0,1.2,0,1.8c0,0.4,0,0.8,0,1.2c0,0.1,0,0.3,0,0.4c0,0.7,0,1.6,0.4,2.3c0.3,0.5,0.8,0.8,1.5,1c0.3,0.1,0.6,0.1,1,0.1 c0.1,0,0.3,0,0.5-0.1c0.6-0.1,0.9-0.1,1-0.1c0,0.1,0,0.3,0,0.6c0,0.1,0,0.3,0,0.4c0,0.5,0,1,0.1,1.5c0.1,0.4,0.2,1.2,0.9,1.6 c0.6,0.3,1.2,0.3,1.8,0.3c0.1,0,0.2,0,0.3,0c0.1,0,0.3,0,0.4,0c0.7,0,0.9,0,1,0.2c0.1,0.2,0,0.7,0,1c0,0.2,0,0.4,0,0.6l0,0.2 c0,0.5,0,1.3,0.5,1.8c0.5,0.5,1.3,0.6,2,0.8l0.3,0.1c0.7,0.1,1.8,0.3,2.9,0.3c0.9,0,1.8-0.1,2.5-0.4c1.8-0.7,1.8-2.6,1.8-3.6 c0,0,0-0.1,0-0.2c0-0.2,0-0.2,0-0.2c0-0.1,0-0.1,0-0.1c0,0,0,0,0.1,0l0.7,0c0.3,0,0.6,0,0.9,0c0.6,0,1.3,0,1.9-0.5 c0.5-0.4,0.8-0.9,1-1.7c0-0.2,0.1-0.5,0.1-0.8c0-0.6,0-1.3,0.3-1.3c0.1,0,0.3,0,0.4,0c0.2,0,0.4,0.1,0.6,0c0.4,0,0.8-0.1,1.3-0.2 c0.6-0.2,1.3-0.4,1.6-1C30.1,19.2,30,18.4,29.9,17.7z M28.5,17.6l0,0.2c0,0.2,0,0.4,0,0.7l0,0.2c0,0.3,0,0.5-0.1,0.6 c0,0-0.1,0.2-0.9,0.3c-0.4,0.1-0.7,0.1-1.1,0.1c-0.3-0.1-0.7-0.1-0.9-0.1l0,0l-0.1,0c-0.2,0-0.4,0.1-0.7,0.3 c-0.5,0.5-0.5,1.3-0.5,2c0,0.2,0,0.3,0,0.5c0,0.5-0.1,0.9-0.4,1.1c-0.3,0.3-0.8,0.3-1.3,0.3l-0.2,0c-0.1,0-0.2,0-0.4,0 c-0.7,0-1.7-0.1-2.1,0.7c-0.2,0.3-0.1,0.6-0.1,0.9c0,0.1,0,0.1,0,0.1l0,0.4c0,0.4,0,0.9-0.1,1.3c-0.3,1-1.2,1.2-2.9,1.2 c-0.9,0-1.8-0.1-2.6-0.2l-0.3-0.1c-0.5-0.1-1.3-0.2-1.4-0.5c-0.1-0.3-0.1-0.9-0.1-1.3c0-0.2,0-0.4,0-0.6c0-0.1,0-0.2,0-0.3 c0-0.4,0.1-0.8-0.2-1.2c-0.3-0.5-0.8-0.6-1.2-0.6c-0.2,0-0.4,0-0.5,0c-0.2,0-0.3,0-0.5,0l-0.2,0c-0.3,0-0.5,0-0.8,0 c-0.1,0-0.2,0-0.3,0c-0.2,0-0.4,0-0.4,0c-0.3-0.2-0.5-0.8-0.5-1.2c0-0.7,0-1.4,0-2.3c0-0.3-0.2-0.6-0.5-0.7 c-0.6-0.2-1.3-0.1-1.8-0.1c-0.3,0-0.5,0-0.8,0c-0.2,0-0.8,0-1.1-0.3c-0.2-0.3-0.2-0.8-0.2-1.3l0-0.3l0-3c0-0.8,0-0.9,0.5-1 c0.3,0,0.6,0,1,0c0.2,0,0.3,0,0.5,0c0.2,0,0.3,0,0.5,0c0.6,0,1.3,0.1,1.8-0.2c0.7-0.4,0.6-1.1,0.6-1.6c0-0.1,0-0.2,0-0.3 c0-0.2,0-0.5,0-0.8c0-0.8-0.1-1.7,0.2-2.2c0.1-0.2,0.1-0.2,0.4-0.2l2.5,0c0.1,0,0.1,0,0.2,0l0.4-0.3L12,7.4c0-0.2,0-0.5,0-0.8 c-0.1-1-0.2-2.5,0.7-2.7c1.2-0.3,2.6-0.3,3.8-0.3l0.3,0l0.3,0c1.4,0,2.3,0,2.6,1.1c0.1,0.4,0.1,0.9,0.1,1.4c0,0.6,0,1.3,0.2,1.9 c0.3,0.9,1.1,0.9,1.7,1l0.7,0C22.6,9,23,9,23.4,9c0.8,0.1,0.9,0.4,0.9,1.5l0,0.1c0,0.5,0,1.4,0.9,1.6c0.4,0.1,0.9,0.1,1.3,0.1 c1.3,0,1.8,0.1,1.9,0.9c0.1,0.8,0.1,1.6,0.1,2.5c0,0.3,0,0.7,0,1C28.5,17,28.5,17.3,28.5,17.6z\"><\/path> <path d=\"M14.6,8c-0.3,0-0.5,0.1-0.6,0.3c0,0,0,0,0,0c-0.9,0.2-1.8,0.6-2.5,1.2c-1.1,0.9-1.8,2.2-2.1,4C9,15.2,9,16.9,9.4,18.5 c0.2,0.8,0.5,1.6,0.9,2.3l0.1,0.1c0.3,0.7,0.6,1.3,1.2,1.9c0.6,0.5,1.3,0.8,2,1l0.1,0c0.8,0.2,1.7,0.5,2.7,0.5l0.1,0 c0.8,0,1.7-0.2,2.4-0.4c0.7-0.3,1.1-0.8,1.6-1.3l0.2-0.3c0.1-0.1,0.2-0.3,0.4-0.4c0.4-0.4,0.7-0.8,1-1.3c0.6-0.8,0.8-1.8,1-2.5 c0.4-1.8,0.4-3.3,0.2-4.6C22.2,9.6,18.3,8.5,14.6,8z M21.9,16.2c-0.1,1.7-0.5,3-1.1,3.9c-0.3,0.4-0.6,0.7-0.9,1 c-0.1,0.1-0.3,0.3-0.4,0.4l-0.1,0.1c-0.5,0.5-0.8,0.9-1.4,1.1c-1.4,0.3-2.7,0.2-4.4-0.4c-0.8-0.3-1.2-0.6-1.5-1.2 c-0.3-0.5-0.6-1.2-0.9-1.9c-0.5-1.3-0.7-2.6-0.6-4.1c0.1-1.9,0.5-3.3,1.2-4.2c0.8-1,2-1.5,3.3-1.5c0.1,0,0.1,0,0.2,0 c0.1,0,0.2,0,0.2,0c2.2,0.4,4.7,1,5.8,3.1C21.8,13.5,22,14.8,21.9,16.2z\"><\/path> <\/g> <\/svg>\t\t\t<\/div>\n\t\t<\/div>\n\t\t\t\t\t\t<\/div>\n\t\t\t\t<div class=\"elementor-element elementor-element-7ef0243 elementor-widget elementor-widget-heading\" data-id=\"7ef0243\" data-element_type=\"widget\" data-widget_type=\"heading.default\">\n\t\t\t\t\t<h1 class=\"elementor-heading-title elementor-size-default\">PRESS<\/h1>\t\t\t\t<\/div>\n\t\t\t\t\t<\/div>\n\t\t\t\t<\/div>\n\t\t\t\t<\/div>\n\t\t<div class=\"elementor-element elementor-element-eef930c e-con-full e-flex e-con e-parent\" data-id=\"eef930c\" data-element_type=\"container\" data-settings=\"{&quot;background_background&quot;:&quot;classic&quot;}\">\n\t\t<div class=\"elementor-element elementor-element-6b8fd41 e-flex e-con-boxed e-con e-child\" data-id=\"6b8fd41\" data-element_type=\"container\">\n\t\t\t\t\t<div class=\"e-con-inner\">\n\t\t\t\t<div class=\"elementor-element elementor-element-a86bf7a elementor-widget elementor-widget-shortcode\" data-id=\"a86bf7a\" data-element_type=\"widget\" data-widget_type=\"shortcode.default\">\n\t\t\t\t\t\t\t<div class=\"elementor-shortcode\">\t\t<div class=\"bloque\">\n\t\t\t<div class=\"PRE-lista-contenedor\">\n\t\t\t\t\t\t\t\t\t\t\n\t<div class=\"PRE-lista-item\">\n\t\t<div class=\"PRE-lista-imagen\">\n\t\t\t<a href=\"https:\/\/www.lacapital.com.ar\/turismo\/la-matilde-una-joya-rural-cordoba-posada-bodega-y-experiencias-naturaleza-n10202852.html\" target=\"_blank\">\n\t\t\t\t<img decoding=\"async\" src=\"https:\/\/dev.posadalamatilde.com.ar\/wp-content\/uploads\/2025\/11\/Posada-La-Matilde-Prensa-La-Capital-aspect-ratio-700-700.jpg\">\n\t\t\t<\/a>\n\t\t<\/div>\n\t\t<div class=\"PRE-lista-datos\">\n\t\t\t<div class=\"PRE-lista-medio\">\n\t\t\t\tLa Capital\t\t\t<\/div>\n\t\t\t<div class=\"PRE-lista-titulo\">\n\t\t\t\t<h3 style=\"font-family: inherit\">\n\t\t\t\t\tLa Matilde, una joya rural en C\u00f3rdoba con posada, bodega y experiencias de naturaleza\t\t\t\t<\/h3>\n\t\t\t<\/div>\n\t\t\t<div class=\"PRE-lista-descripcion\">\n\t\t\t\tNoticia publicada en La Capital el 21 21America\/Argentina\/Cordoba June 21America\/Argentina\/Cordoba 2025\t\t\t<\/div>\n\t\t\t<div class=\"PRE-lista-boton\">\n\t\t\t\t<a href=\"https:\/\/www.lacapital.com.ar\/turismo\/la-matilde-una-joya-rural-cordoba-posada-bodega-y-experiencias-naturaleza-n10202852.html\" target=\"_blank\" class=\"elementor-button elementor-button-link elementor-size-sm\">\n\t\t\t\t\tLEER NOTA\n\t\t\t\t<\/a>\n\t\t\t<\/div>\n\t\t<\/div>\n\t<\/div>\n \t\t\t\t\t\t\t\t\t\t\n\t<div class=\"PRE-lista-item\">\n\t\t<div class=\"PRE-lista-imagen\">\n\t\t\t<a href=\"https:\/\/www.somosohlala.com\/lifestyle\/viajes\/fui-a-una-comarca-biodinamica-en-traslasierra-4-motivos-para-visitarla-en-estas-vacaciones-nid25062025\" target=\"_blank\">\n\t\t\t\t<img decoding=\"async\" src=\"https:\/\/dev.posadalamatilde.com.ar\/wp-content\/uploads\/2025\/11\/Posada-La-Matilde-Prensa-Voy-de-Viaje-2-aspect-ratio-700-700-1.jpg\">\n\t\t\t<\/a>\n\t\t<\/div>\n\t\t<div class=\"PRE-lista-datos\">\n\t\t\t<div class=\"PRE-lista-medio\">\n\t\t\t\t Oh Lala\t\t\t<\/div>\n\t\t\t<div class=\"PRE-lista-titulo\">\n\t\t\t\t<h3 style=\"font-family: inherit\">\n\t\t\t\t\t4 motivos para visitar La Matilde en estas vacaciones\t\t\t\t<\/h3>\n\t\t\t<\/div>\n\t\t\t<div class=\"PRE-lista-descripcion\">\n\t\t\t\tNoticia publicada en  Oh Lala el 25 25America\/Argentina\/Cordoba June 25America\/Argentina\/Cordoba 2025\t\t\t<\/div>\n\t\t\t<div class=\"PRE-lista-boton\">\n\t\t\t\t<a href=\"https:\/\/www.somosohlala.com\/lifestyle\/viajes\/fui-a-una-comarca-biodinamica-en-traslasierra-4-motivos-para-visitarla-en-estas-vacaciones-nid25062025\" target=\"_blank\" class=\"elementor-button elementor-button-link elementor-size-sm\">\n\t\t\t\t\tLEER NOTA\n\t\t\t\t<\/a>\n\t\t\t<\/div>\n\t\t<\/div>\n\t<\/div>\n \t\t\t\t\t\t\t\t\t\t\n\t<div class=\"PRE-lista-item\">\n\t\t<div class=\"PRE-lista-imagen\">\n\t\t\t<a href=\"https:\/\/www.clarin.com\/viajes\/posada-10-habitaciones-vinos-biodinamicos-propone-reconectar-tierra_0_e0J2zwSRvL.html\" target=\"_blank\">\n\t\t\t\t<img decoding=\"async\" src=\"https:\/\/dev.posadalamatilde.com.ar\/wp-content\/uploads\/2025\/11\/Posada-La-Matilde-Prensa-Clarin-1-aspect-ratio-700-700.jpg\">\n\t\t\t<\/a>\n\t\t<\/div>\n\t\t<div class=\"PRE-lista-datos\">\n\t\t\t<div class=\"PRE-lista-medio\">\n\t\t\t\tClar\u00edn\t\t\t<\/div>\n\t\t\t<div class=\"PRE-lista-titulo\">\n\t\t\t\t<h3 style=\"font-family: inherit\">\n\t\t\t\t\tUna posada de 10 habitaciones y vinos biodin\u00e1micos que propone reconectar con la tierra\t\t\t\t<\/h3>\n\t\t\t<\/div>\n\t\t\t<div class=\"PRE-lista-descripcion\">\n\t\t\t\tNoticia publicada en Clar\u00edn el 2 02America\/Argentina\/Cordoba January 02America\/Argentina\/Cordoba 2025\t\t\t<\/div>\n\t\t\t<div class=\"PRE-lista-boton\">\n\t\t\t\t<a href=\"https:\/\/www.clarin.com\/viajes\/posada-10-habitaciones-vinos-biodinamicos-propone-reconectar-tierra_0_e0J2zwSRvL.html\" target=\"_blank\" class=\"elementor-button elementor-button-link elementor-size-sm\">\n\t\t\t\t\tLEER NOTA\n\t\t\t\t<\/a>\n\t\t\t<\/div>\n\t\t<\/div>\n\t<\/div>\n \t\t\t\t\t\t\t\t\t\t\n\t<div class=\"PRE-lista-item\">\n\t\t<div class=\"PRE-lista-imagen\">\n\t\t\t<a href=\"https:\/\/voydeviaje.lavoz.com.ar\/actualidad\/conoce-cual-es-la-posada-rural-cordobesa-finalistas-del-prix-baron-b-edition-cuisine\/\" target=\"_blank\">\n\t\t\t\t<img decoding=\"async\" src=\"https:\/\/dev.posadalamatilde.com.ar\/wp-content\/uploads\/2025\/11\/Posada-La-Matilde-Prensa-Voy-de-Viaje-2-aspect-ratio-700-700.jpg\">\n\t\t\t<\/a>\n\t\t<\/div>\n\t\t<div class=\"PRE-lista-datos\">\n\t\t\t<div class=\"PRE-lista-medio\">\n\t\t\t\tVoy de Viaje\t\t\t<\/div>\n\t\t\t<div class=\"PRE-lista-titulo\">\n\t\t\t\t<h3 style=\"font-family: inherit\">\n\t\t\t\t\tConoc\u00e9 cu\u00e1l es la posada rural cordobesa finalista del Prix Baron B \u2013 Edition Cuisine\t\t\t\t<\/h3>\n\t\t\t<\/div>\n\t\t\t<div class=\"PRE-lista-descripcion\">\n\t\t\t\tNoticia publicada en Voy de Viaje el 1 01America\/Argentina\/Cordoba August 01America\/Argentina\/Cordoba 2024\t\t\t<\/div>\n\t\t\t<div class=\"PRE-lista-boton\">\n\t\t\t\t<a href=\"https:\/\/voydeviaje.lavoz.com.ar\/actualidad\/conoce-cual-es-la-posada-rural-cordobesa-finalistas-del-prix-baron-b-edition-cuisine\/\" target=\"_blank\" class=\"elementor-button elementor-button-link elementor-size-sm\">\n\t\t\t\t\tLEER NOTA\n\t\t\t\t<\/a>\n\t\t\t<\/div>\n\t\t<\/div>\n\t<\/div>\n \t\t\t\t\t\t\t\t\t\t\n\t<div class=\"PRE-lista-item\">\n\t\t<div class=\"PRE-lista-imagen\">\n\t\t\t<a href=\"https:\/\/malevamag.com\/pequenos-enormes-momentos-de-disfrute-asi-vivi-72-horas-en-cinco-coordenadas-de-lujo-calma-total-y-asombro-en-cordoba\/\" target=\"_blank\">\n\t\t\t\t<img decoding=\"async\" src=\"https:\/\/dev.posadalamatilde.com.ar\/wp-content\/uploads\/2025\/11\/Posada-La-Matilde-Prensa-Maleva-1-aspect-ratio-700-700.jpeg\">\n\t\t\t<\/a>\n\t\t<\/div>\n\t\t<div class=\"PRE-lista-datos\">\n\t\t\t<div class=\"PRE-lista-medio\">\n\t\t\t\tMaleva\t\t\t<\/div>\n\t\t\t<div class=\"PRE-lista-titulo\">\n\t\t\t\t<h3 style=\"font-family: inherit\">\n\t\t\t\t\tPeque\u00f1os enormes momentos de disfrute: as\u00ed viv\u00ed 72 horas\t\t\t\t<\/h3>\n\t\t\t<\/div>\n\t\t\t<div class=\"PRE-lista-descripcion\">\n\t\t\t\tNoticia publicada en Maleva el 8 08America\/Argentina\/Cordoba October 08America\/Argentina\/Cordoba 2024\t\t\t<\/div>\n\t\t\t<div class=\"PRE-lista-boton\">\n\t\t\t\t<a href=\"https:\/\/malevamag.com\/pequenos-enormes-momentos-de-disfrute-asi-vivi-72-horas-en-cinco-coordenadas-de-lujo-calma-total-y-asombro-en-cordoba\/\" target=\"_blank\" class=\"elementor-button elementor-button-link elementor-size-sm\">\n\t\t\t\t\tLEER NOTA\n\t\t\t\t<\/a>\n\t\t\t<\/div>\n\t\t<\/div>\n\t<\/div>\n \t\t\t\t\t\t\t\t\t\t\n\t<div class=\"PRE-lista-item\">\n\t\t<div class=\"PRE-lista-imagen\">\n\t\t\t<a href=\"https:\/\/www.7canibales.com\/beber\/traslasierra-sur-vino\/\" target=\"_blank\">\n\t\t\t\t<img decoding=\"async\" src=\"https:\/\/dev.posadalamatilde.com.ar\/wp-content\/uploads\/2025\/11\/Posada-La-Matilde-Prensa-7-Canibales-1-aspect-ratio-700-700.jpg\">\n\t\t\t<\/a>\n\t\t<\/div>\n\t\t<div class=\"PRE-lista-datos\">\n\t\t\t<div class=\"PRE-lista-medio\">\n\t\t\t\tSiete Can\u00edbales\t\t\t<\/div>\n\t\t\t<div class=\"PRE-lista-titulo\">\n\t\t\t\t<h3 style=\"font-family: inherit\">\n\t\t\t\t\tTraslasierra sur, el futuro del vino y el enoturismo cordob\u00e9s\t\t\t\t<\/h3>\n\t\t\t<\/div>\n\t\t\t<div class=\"PRE-lista-descripcion\">\n\t\t\t\tNoticia publicada en Siete Can\u00edbales el 4 04America\/Argentina\/Cordoba February 04America\/Argentina\/Cordoba 2024\t\t\t<\/div>\n\t\t\t<div class=\"PRE-lista-boton\">\n\t\t\t\t<a href=\"https:\/\/www.7canibales.com\/beber\/traslasierra-sur-vino\/\" target=\"_blank\" class=\"elementor-button elementor-button-link elementor-size-sm\">\n\t\t\t\t\tLEER NOTA\n\t\t\t\t<\/a>\n\t\t\t<\/div>\n\t\t<\/div>\n\t<\/div>\n \t\t\t\t\t\t\t\t\t\t\n\t<div class=\"PRE-lista-item\">\n\t\t<div class=\"PRE-lista-imagen\">\n\t\t\t<a href=\"https:\/\/www.lanacion.com.ar\/salud\/escapada-una-posada-rodeada-de-un-bosque-nativo-que-se-rige-por-la-biodinamica-nid08032024\/\" target=\"_blank\">\n\t\t\t\t<img decoding=\"async\" src=\"https:\/\/dev.posadalamatilde.com.ar\/wp-content\/uploads\/2025\/11\/Posada-La-Matilde-Prensa-La-Nacion-1-aspect-ratio-700-700.jpg\">\n\t\t\t<\/a>\n\t\t<\/div>\n\t\t<div class=\"PRE-lista-datos\">\n\t\t\t<div class=\"PRE-lista-medio\">\n\t\t\t\tLa Naci\u00f3n\t\t\t<\/div>\n\t\t\t<div class=\"PRE-lista-titulo\">\n\t\t\t\t<h3 style=\"font-family: inherit\">\n\t\t\t\t\tEscapada: una posada rodeada de un bosque nativo, huerta, vi\u00f1edos y una bodega que produce vinos org\u00e1nicos que se venden al mundo\t\t\t\t<\/h3>\n\t\t\t<\/div>\n\t\t\t<div class=\"PRE-lista-descripcion\">\n\t\t\t\tNoticia publicada en La Naci\u00f3n el 8 08America\/Argentina\/Cordoba March 08America\/Argentina\/Cordoba 2024\t\t\t<\/div>\n\t\t\t<div class=\"PRE-lista-boton\">\n\t\t\t\t<a href=\"https:\/\/www.lanacion.com.ar\/salud\/escapada-una-posada-rodeada-de-un-bosque-nativo-que-se-rige-por-la-biodinamica-nid08032024\/\" target=\"_blank\" class=\"elementor-button elementor-button-link elementor-size-sm\">\n\t\t\t\t\tLEER NOTA\n\t\t\t\t<\/a>\n\t\t\t<\/div>\n\t\t<\/div>\n\t<\/div>\n \t\t\t\t\t\t\t<\/div>\n\t\t<\/div>\n\t\t<\/div>\n\t\t\t\t\t\t<\/div>\n\t\t\t\t\t<\/div>\n\t\t\t\t<\/div>\n\t\t\t\t<\/div>\n\t\t\t\t<\/div>","protected":false},"excerpt":{"rendered":"<p>PRESS<\/p>","protected":false},"author":1,"featured_media":0,"parent":0,"menu_order":0,"comment_status":"closed","ping_status":"closed","template":"","meta":{"_acf_changed":false,"site-sidebar-layout":"no-sidebar","site-content-layout":"","ast-site-content-layout":"full-width-container","site-content-style":"default","site-sidebar-style":"default","ast-global-header-display":"","ast-banner-title-visibility":"","ast-main-header-display":"","ast-hfb-above-header-display":"","ast-hfb-below-header-display":"","ast-hfb-mobile-header-display":"","site-post-title":"disabled","ast-breadcrumbs-content":"","ast-featured-img":"disabled","footer-sml-layout":"","theme-transparent-header-meta":"","adv-header-id-meta":"","stick-header-meta":"","header-above-stick-meta":"","header-main-stick-meta":"","header-below-stick-meta":"","astra-migrate-meta-layouts":"default","ast-page-background-enabled":"default","ast-page-background-meta":{"desktop":{"background-color":"var(--ast-global-color-5)","background-image":"","background-repeat":"repeat","background-position":"center center","background-size":"auto","background-attachment":"scroll","background-type":"","background-media":"","overlay-type":"","overlay-color":"","overlay-opacity":"","overlay-gradient":""},"tablet":{"background-color":"","background-image":"","background-repeat":"repeat","background-position":"center center","background-size":"auto","background-attachment":"scroll","background-type":"","background-media":"","overlay-type":"","overlay-color":"","overlay-opacity":"","overlay-gradient":""},"mobile":{"background-color":"","background-image":"","background-repeat":"repeat","background-position":"center center","background-size":"auto","background-attachment":"scroll","background-type":"","background-media":"","overlay-type":"","overlay-color":"","overlay-opacity":"","overlay-gradient":""}},"ast-content-background-meta":{"desktop":{"background-color":"var(--ast-global-color-4)","background-image":"","background-repeat":"repeat","background-position":"center center","background-size":"auto","background-attachment":"scroll","background-type":"","background-media":"","overlay-type":"","overlay-color":"","overlay-opacity":"","overlay-gradient":""},"tablet":{"background-color":"var(--ast-global-color-4)","background-image":"","background-repeat":"repeat","background-position":"center center","background-size":"auto","background-attachment":"scroll","background-type":"","background-media":"","overlay-type":"","overlay-color":"","overlay-opacity":"","overlay-gradient":""},"mobile":{"background-color":"var(--ast-global-color-4)","background-image":"","background-repeat":"repeat","background-position":"center center","background-size":"auto","background-attachment":"scroll","background-type":"","background-media":"","overlay-type":"","overlay-color":"","overlay-opacity":"","overlay-gradient":""}},"footnotes":""},"class_list":["post-315","page","type-page","status-publish","hentry"],"acf":[],"_links":{"self":[{"href":"https:\/\/dev.posadalamatilde.com.ar\/eng\/wp-json\/wp\/v2\/pages\/315","targetHints":{"allow":["GET"]}}],"collection":[{"href":"https:\/\/dev.posadalamatilde.com.ar\/eng\/wp-json\/wp\/v2\/pages"}],"about":[{"href":"https:\/\/dev.posadalamatilde.com.ar\/eng\/wp-json\/wp\/v2\/types\/page"}],"author":[{"embeddable":true,"href":"https:\/\/dev.posadalamatilde.com.ar\/eng\/wp-json\/wp\/v2\/users\/1"}],"replies":[{"embeddable":true,"href":"https:\/\/dev.posadalamatilde.com.ar\/eng\/wp-json\/wp\/v2\/comments?post=315"}],"version-history":[{"count":10,"href":"https:\/\/dev.posadalamatilde.com.ar\/eng\/wp-json\/wp\/v2\/pages\/315\/revisions"}],"predecessor-version":[{"id":339,"href":"https:\/\/dev.posadalamatilde.com.ar\/eng\/wp-json\/wp\/v2\/pages\/315\/revisions\/339"}],"wp:attachment":[{"href":"https:\/\/dev.posadalamatilde.com.ar\/eng\/wp-json\/wp\/v2\/media?parent=315"}],"curies":[{"name":"wp","href":"https:\/\/api.w.org\/{rel}","templated":true}]}}